{"id":97,"date":"2009-09-18T23:00:31","date_gmt":"2009-09-18T21:00:31","guid":{"rendered":"http:\/\/stavanger.pap.no\/?page_id=97"},"modified":"2015-05-25T19:23:40","modified_gmt":"2015-05-25T17:23:40","slug":"agentur","status":"publish","type":"page","link":"https:\/\/stavanger.pap.no\/?page_id=97","title":{"rendered":"Agentur"},"content":{"rendered":"<p>V\u00c5RE EGNE AGENTUR:<\/p>\n<p>Vi har agentur i Norge p\u00e5 f\u00f8lgende merker:<\/p>\n<p><a href=\"http:\/\/www.soundprojects.com\" target=\"_blank\">Sound Projects<\/a> &#8211; Line Array systems, PA, Monitor<\/p>\n<p><a href=\"http:\/\/www.logic-system.co.uk\" target=\"_blank\">Logic Systems<\/a> &#8211; PA og Monitor H\u00f8ytalere<\/p>\n<p><a href=\"http:\/\/www.ml-case.de\" target=\"_blank\">ML Case<\/a>&#8211; Transportkasser, rack<\/p>\n<p><a href=\"http:\/\/www.yamahacommercialaudio.com\" target=\"_blank\">Yamaha<\/a> &#8211; miksere,h\u00f8yttalere og forsterkere<\/p>\n<p>Videre formidler vi alle de mest kjennte merkene n\u00e5r det gjelder lyd, lys og scene.\n<p class=\"facebook\"><a href=\"http:\/\/www.facebook.com\/share.php?u=https:\/\/stavanger.pap.no\/?page_id=97\" target=\"_blank\"><img src=\"https:\/\/stavanger.pap.no\/wp-content\/plugins\/add-to-facebook-plugin\/facebook_share_icon.gif\" alt=\"Share on Facebook\" title=\"Share on Facebook\" \/><\/a><a href=\"http:\/\/www.facebook.com\/share.php?u=https:\/\/stavanger.pap.no\/?page_id=97\" target=\"_blank\" title=\"Share on Facebook\">Del p\u00e5 facebook<\/a><\/p>\n","protected":false},"excerpt":{"rendered":"<p>V\u00c5RE EGNE AGENTUR: Vi har agentur i Norge p\u00e5 f\u00f8lgende merker: Sound Projects &#8211; Line Array systems, PA, Monitor Logic Systems &#8211; PA og Monitor H\u00f8ytalere ML Case&#8211; Transportkasser, rack Yamaha &#8211; miksere,h\u00f8yttalere og forsterkere Videre formidler vi alle de mest kjennte merkene n\u00e5r det gjelder lyd, lys og scene. Del p\u00e5 facebook<\/p>\n<p class=\"facebook\"><a href=\"http:\/\/www.facebook.com\/share.php?u=https:\/\/stavanger.pap.no\/?page_id=97\" target=\"_blank\"><img src=\"https:\/\/stavanger.pap.no\/wp-content\/plugins\/add-to-facebook-plugin\/facebook_share_icon.gif\" alt=\"Share on Facebook\" title=\"Share on Facebook\" \/><\/a><a href=\"http:\/\/www.facebook.com\/share.php?u=https:\/\/stavanger.pap.no\/?page_id=97\" target=\"_blank\" title=\"Share on Facebook\">Del p\u00e5 facebook<\/a><\/p>","protected":false},"author":1,"featured_media":0,"parent":91,"menu_order":0,"comment_status":"closed","ping_status":"closed","template":"","meta":[],"_links":{"self":[{"href":"https:\/\/stavanger.pap.no\/index.php?rest_route=\/wp\/v2\/pages\/97"}],"collection":[{"href":"https:\/\/stavanger.pap.no\/index.php?rest_route=\/wp\/v2\/pages"}],"about":[{"href":"https:\/\/stavanger.pap.no\/index.php?rest_route=\/wp\/v2\/types\/page"}],"author":[{"embeddable":true,"href":"https:\/\/stavanger.pap.no\/index.php?rest_route=\/wp\/v2\/users\/1"}],"replies":[{"embeddable":true,"href":"https:\/\/stavanger.pap.no\/index.php?rest_route=%2Fwp%2Fv2%2Fcomments&post=97"}],"version-history":[{"count":8,"href":"https:\/\/stavanger.pap.no\/index.php?rest_route=\/wp\/v2\/pages\/97\/revisions"}],"predecessor-version":[{"id":1553,"href":"https:\/\/stavanger.pap.no\/index.php?rest_route=\/wp\/v2\/pages\/97\/revisions\/1553"}],"up":[{"embeddable":true,"href":"https:\/\/stavanger.pap.no\/index.php?rest_route=\/wp\/v2\/pages\/91"}],"wp:attachment":[{"href":"https:\/\/stavanger.pap.no\/index.php?rest_route=%2Fwp%2Fv2%2Fmedia&parent=97"}],"curies":[{"name":"wp","href":"https:\/\/api.w.org\/{rel}","templated":true}]}}