{"id":99,"date":"2009-09-18T23:01:38","date_gmt":"2009-09-18T21:01:38","guid":{"rendered":"http:\/\/stavanger.pap.no\/?page_id=99"},"modified":"2009-09-19T10:19:52","modified_gmt":"2009-09-19T08:19:52","slug":"scene","status":"publish","type":"page","link":"https:\/\/stavanger.pap.no\/?page_id=99","title":{"rendered":"Scene"},"content":{"rendered":"<p>SCENE<\/p>\n<p>Vi kan n\u00e5 tilby kanskje verdens beste scene. Den er enkel \u00e5 flytte, og enkel \u00e5 sette opp. Bes\u00f8k Stagepartner under for mer info, og kontakt oss gjerne om du vil vite mer.<\/p>\n<p>Den finnes i flere varianter og st\u00f8rrelser.<\/p>\n<p><div id=\"attachment_120\" style=\"width: 310px\" class=\"wp-caption alignleft\"><img aria-describedby=\"caption-attachment-120\" loading=\"lazy\" class=\"size-medium wp-image-120\" title=\"free_stage_multi_4x6m\" src=\"http:\/\/stavanger.pap.no\/wp-content\/uploads\/2009\/09\/free_stage_multi_4x6m-300x200.jpg\" alt=\"free_stage_multi_4x6m\" width=\"300\" height=\"200\" srcset=\"https:\/\/stavanger.pap.no\/wp-content\/uploads\/2009\/09\/free_stage_multi_4x6m-300x200.jpg 300w, https:\/\/stavanger.pap.no\/wp-content\/uploads\/2009\/09\/free_stage_multi_4x6m.jpg 379w\" sizes=\"(max-width: 300px) 100vw, 300px\" \/><p id=\"caption-attachment-120\" class=\"wp-caption-text\">Free stage multi 6 x 4m<\/p><\/div><\/p>\n<p>\u00a0<\/p>\n<p>\u00a0<\/p>\n<p>\u00a0<\/p>\n<p>\u00a0<\/p>\n<p>\u00a0<\/p>\n<p>\u00a0<\/p>\n<p>\u00a0<\/p>\n<p>\u00a0<\/p>\n<p>Free stage multi 6 x 4m.Pis ca 183.00,-<\/p>\n<p><div id=\"attachment_121\" style=\"width: 310px\" class=\"wp-caption alignleft\"><img aria-describedby=\"caption-attachment-121\" loading=\"lazy\" class=\"size-medium wp-image-121\" title=\"free_stage_medium\" src=\"http:\/\/stavanger.pap.no\/wp-content\/uploads\/2009\/09\/free_stage_medium-300x218.jpg\" alt=\"Free stage medium 8 x 6m\" width=\"300\" height=\"218\" srcset=\"https:\/\/stavanger.pap.no\/wp-content\/uploads\/2009\/09\/free_stage_medium-300x218.jpg 300w, https:\/\/stavanger.pap.no\/wp-content\/uploads\/2009\/09\/free_stage_medium.jpg 400w\" sizes=\"(max-width: 300px) 100vw, 300px\" \/><p id=\"caption-attachment-121\" class=\"wp-caption-text\">Free stage medium 8 x 6m<\/p><\/div><\/p>\n<p>\u00a0<\/p>\n<p>\u00a0<\/p>\n<p>\u00a0<\/p>\n<p>\u00a0<\/p>\n<p>\u00a0<\/p>\n<p>\u00a0<\/p>\n<p>\u00a0<\/p>\n<p>\u00a0<\/p>\n<p>Free stage medium 8 x 6m. Pris ca 325.000,-<\/p>\n<p>Endelig noen som har tenkt p\u00e5 alt ved scenen, ogs\u00e5 dem som skal sette den opp&#8230;.\n<p class=\"facebook\"><a href=\"http:\/\/www.facebook.com\/share.php?u=https:\/\/stavanger.pap.no\/?page_id=99\" target=\"_blank\"><img src=\"https:\/\/stavanger.pap.no\/wp-content\/plugins\/add-to-facebook-plugin\/facebook_share_icon.gif\" alt=\"Share on Facebook\" title=\"Share on Facebook\" \/><\/a><a href=\"http:\/\/www.facebook.com\/share.php?u=https:\/\/stavanger.pap.no\/?page_id=99\" target=\"_blank\" title=\"Share on Facebook\">Del p\u00e5 facebook<\/a><\/p>\n","protected":false},"excerpt":{"rendered":"<p>SCENE Vi kan n\u00e5 tilby kanskje verdens beste scene. Den er enkel \u00e5 flytte, og enkel \u00e5 sette opp. Bes\u00f8k Stagepartner under for mer info, og kontakt oss gjerne om du vil vite mer. Den finnes i flere varianter og st\u00f8rrelser. \u00a0 \u00a0 \u00a0 \u00a0 \u00a0 \u00a0 \u00a0 \u00a0 Free stage multi 6 x 4m.Pis [&hellip;]<\/p>\n<p class=\"facebook\"><a href=\"http:\/\/www.facebook.com\/share.php?u=https:\/\/stavanger.pap.no\/?page_id=99\" target=\"_blank\"><img src=\"https:\/\/stavanger.pap.no\/wp-content\/plugins\/add-to-facebook-plugin\/facebook_share_icon.gif\" alt=\"Share on Facebook\" title=\"Share on Facebook\" \/><\/a><a href=\"http:\/\/www.facebook.com\/share.php?u=https:\/\/stavanger.pap.no\/?page_id=99\" target=\"_blank\" title=\"Share on Facebook\">Del p\u00e5 facebook<\/a><\/p>","protected":false},"author":1,"featured_media":0,"parent":91,"menu_order":4,"comment_status":"closed","ping_status":"closed","template":"","meta":[],"_links":{"self":[{"href":"https:\/\/stavanger.pap.no\/index.php?rest_route=\/wp\/v2\/pages\/99"}],"collection":[{"href":"https:\/\/stavanger.pap.no\/index.php?rest_route=\/wp\/v2\/pages"}],"about":[{"href":"https:\/\/stavanger.pap.no\/index.php?rest_route=\/wp\/v2\/types\/page"}],"author":[{"embeddable":true,"href":"https:\/\/stavanger.pap.no\/index.php?rest_route=\/wp\/v2\/users\/1"}],"replies":[{"embeddable":true,"href":"https:\/\/stavanger.pap.no\/index.php?rest_route=%2Fwp%2Fv2%2Fcomments&post=99"}],"version-history":[{"count":5,"href":"https:\/\/stavanger.pap.no\/index.php?rest_route=\/wp\/v2\/pages\/99\/revisions"}],"predecessor-version":[{"id":538,"href":"https:\/\/stavanger.pap.no\/index.php?rest_route=\/wp\/v2\/pages\/99\/revisions\/538"}],"up":[{"embeddable":true,"href":"https:\/\/stavanger.pap.no\/index.php?rest_route=\/wp\/v2\/pages\/91"}],"wp:attachment":[{"href":"https:\/\/stavanger.pap.no\/index.php?rest_route=%2Fwp%2Fv2%2Fmedia&parent=99"}],"curies":[{"name":"wp","href":"https:\/\/api.w.org\/{rel}","templated":true}]}}